{"id":90,"date":"2025-07-27T14:32:02","date_gmt":"2025-07-27T12:32:02","guid":{"rendered":"https:\/\/mardelevante.com\/?page_id=90"},"modified":"2025-08-26T16:20:58","modified_gmt":"2025-08-26T14:20:58","slug":"inicio","status":"publish","type":"page","link":"https:\/\/mardelevante.com\/","title":{"rendered":"Inicio"},"content":{"rendered":"<div id=\"sp-page\" class=\"spBgcover sp-content-1\" style=\"background-color: rgb(255, 255, 255); font-family: Poppins, sans-serif; font-weight: 400;\">\n<section id=\"sp-ri2v48\" data-mobile-visibility=\"#sp-ri2v48|false\" data-tablet-visibility=\"#sp-ri2v48|false\" data-desktop-visibility=\"#sp-ri2v48|false\" data-mobile-css=\"\" data-tablet-css=\"\" class=\"sp-el-section  spBgfull\" style=\"background-image: linear-gradient(0deg, rgba(255, 255, 255, 0), rgba(255, 255, 255, 0)), url('https:\/\/mardelevante.com\/wp-content\/uploads\/2025\/07\/foto18_mar_de_levante.jpg'); background-color: rgb(255, 255, 255); width: 100%; max-width: 100%; padding: 10px;\">\n<div id=\"sp-f48337\" data-mobile-visibility=\"#sp-f48337|false\" data-tablet-visibility=\"#sp-f48337|false\" data-desktop-visibility=\"#sp-f48337|false\" data-mobile-css=\"\" data-tablet-css=\"\" class=\"sp-el-row sp-w-full  sp-m-auto sm:sp-flex sp-justify-between\" style=\"padding: 0px; width: auto; max-width: 1000px;\">\n<div id=\"sp-ocbipu\" data-mobile-visibility=\"#sp-ocbipu|false\" data-tablet-visibility=\"#sp-ocbipu|false\" data-desktop-visibility=\"#sp-ocbipu|false\" data-mobile-css=\"\" data-tablet-css=\"\" class=\"sp-el-col  sp-w-full\" style=\"width: calc(100% - 0px);\">\n<figure id=\"sp-do8voa\" data-mobile-css=\"#sp-do8voa|text-align:center;\" data-tablet-css=\"#sp-do8voa|text-align:center;\" class=\"sp-image-wrapper sp-el-block sombra-circular-suave\" style=\"margin: 0px; text-align: center;\">\n<div><span><img fetchpriority=\"high\" decoding=\"async\" src=\"https:\/\/mardelevante.com\/wp-content\/uploads\/2025\/07\/cropped-club-nautico-levante1.png\" alt=\"\" width=\"512\" height=\"512\" data-dynamic-tag=\"\" data-image-src=\"wpmedia\" data-mobile-visibility=\".sp-image-block-do8voa|false\" data-tablet-visibility=\".sp-image-block-do8voa|false\" data-desktop-visibility=\".sp-image-block-do8voa|false\" srcset=\" https:\/\/mardelevante.com\/wp-content\/uploads\/2025\/07\/cropped-club-nautico-levante1-150x150.png 150w, https:\/\/mardelevante.com\/wp-content\/uploads\/2025\/07\/cropped-club-nautico-levante1-300x300.png 300w, https:\/\/mardelevante.com\/wp-content\/uploads\/2025\/07\/cropped-club-nautico-levante1.png 512w\" class=\"sp-image-block-do8voa custom-preview-class\" style=\"width: 25%;\"><\/span><\/div>\n<div id=\"sp-image-dynamic-tags-js-do8voa\"><script>jQuery(function() { image_dynamic_tags('do8voa' );});<\/script><\/div>\n<\/figure>\n<figure id=\"sp-sdpeoc\" data-mobile-css=\"#sp-sdpeoc|text-align:center;\" data-tablet-css=\"#sp-sdpeoc|text-align:center;\" class=\"sp-image-wrapper sp-el-block\" style=\"margin: 0px; text-align: center;\">\n<div><span><img decoding=\"async\" src=\"https:\/\/mardelevante.com\/wp-content\/uploads\/2025\/07\/cartel_aviso_mar_de_levante.jpg\" alt=\"\" width=\"1024\" height=\"683\" data-dynamic-tag=\"\" data-image-src=\"wpmedia\" data-mobile-visibility=\".sp-image-block-sdpeoc|false\" data-tablet-visibility=\".sp-image-block-sdpeoc|false\" data-desktop-visibility=\".sp-image-block-sdpeoc|false\" srcset=\" https:\/\/mardelevante.com\/wp-content\/uploads\/2025\/07\/cartel_aviso_mar_de_levante-150x150.jpg 150w, https:\/\/mardelevante.com\/wp-content\/uploads\/2025\/07\/cartel_aviso_mar_de_levante-300x200.jpg 300w, https:\/\/mardelevante.com\/wp-content\/uploads\/2025\/07\/cartel_aviso_mar_de_levante.jpg 1024w\" class=\"sp-image-block-sdpeoc custom-preview-class\" style=\"width: 60%; box-shadow: rgb(204, 204, 204) 0px 0px 16px 3px;\"><\/span><\/div>\n<div id=\"sp-image-dynamic-tags-js-sdpeoc\"><script>jQuery(function() { image_dynamic_tags('sdpeoc' );});<\/script><\/div>\n<\/figure>\n<\/div>\n<\/div>\n<\/section>\n<section id=\"sp-p7g6zn\" data-mobile-visibility=\"#sp-p7g6zn|false\" data-tablet-visibility=\"#sp-p7g6zn|false\" data-desktop-visibility=\"#sp-p7g6zn|false\" data-mobile-css=\"\" data-tablet-css=\"\" class=\"sp-el-section \" style=\"width: 100%; max-width: 100%;\">\n<div id=\"sp-dj6g3x\" data-mobile-visibility=\"#sp-dj6g3x|false\" data-tablet-visibility=\"#sp-dj6g3x|false\" data-desktop-visibility=\"#sp-dj6g3x|false\" data-mobile-css=\"\" data-tablet-css=\"\" class=\"sp-el-row sp-w-full  sp-m-auto sm:sp-flex sp-justify-between\">\n<div id=\"sp-w8u0h0\" data-mobile-visibility=\"#sp-w8u0h0|false\" data-tablet-visibility=\"#sp-w8u0h0|false\" data-desktop-visibility=\"#sp-w8u0h0|false\" data-mobile-css=\"\" data-tablet-css=\"\" class=\"sp-el-col  sp-w-full\" style=\"width: calc(100% - 0px);\">\n<div id=\"sp-buk47w\" data-mobile-visibility=\".sp-divider-block-buk47w|false\" data-tablet-visibility=\".sp-divider-block-buk47w|false\" data-desktop-visibility=\".sp-divider-block-buk47w|false\" data-mobile-css=\"#sp-buk47w .sp-divider-text-block .sp-divider-text, #sp-buk47w|justify-content:center;padding:10px 0px 10px 0px ;\" data-tablet-css=\"#sp-buk47w .sp-divider-text-block .sp-divider-text, #sp-buk47w|justify-content:center;padding:10px 0px 10px 0px ;\" class=\"sp-divider-wrapper sp-flex sp-el-block sp-divider-block-buk47w\" style=\"margin: 0px; justify-content: center; padding: 10px 0px;\">\n<style type=\"text\/css\">\n    #sp-buk47w .sp-divider-separator::after , #sp-buk47w .sp-divider-separator::before  {content:\"\"}\n    #sp-buk47w .sp-divider .sp-divider-separator::after , #sp-buk47w .sp-divider .sp-divider-separator::before {display:block;border-top:1px solid #D98E8B}\n    #sp-buk47w .sp-divider .sp-divider-text-block .sp-divider-text \n    {color:#D98E8B}\n    #sp-buk47w .sp-divider .sp-divider-text-block.sp-divider-icon-block \n    {color:#D98E8B}\n  <\/style>\n<div class=\"sp-divider sp-flex\" style=\"width: 90%; border-top: 1px solid rgb(217, 142, 139);\"><\/div>\n<\/div>\n<p><span href=\"\" target=\"\" rel=\"\" class=\"sp-header-block-link\" style=\"text-decoration: none;\"><\/p>\n<h2 id=\"sp-dbgzmn\" data-mobile-css=\".sp-headline-block-dbgzmn, #sp-dbgzmn, #dbgzmn|text-align:center;\" data-tablet-css=\".sp-headline-block-dbgzmn, #sp-dbgzmn, #dbgzmn|text-align:center;\" data-mobile-visibility=\".sp-headline-block-dbgzmn|false\" data-tablet-visibility=\".sp-headline-block-dbgzmn|false\" data-desktop-visibility=\".sp-headline-block-dbgzmn|false\" class=\"sp-css-target sp-el-block sp-headline-block-dbgzmn sp-type-header\" style=\"font-size: 20px; text-align: center; margin: 25px 0px 0px;\"><span style=\"color: #000000;\"><span style=\"color: #666699;\">Historia<\/span><\/span><\/h2>\n<p><\/span><\/p>\n<div id=\"sp-na0thg\" data-mobile-css=\".sp-text-wrapper-na0thg, #sp-na0thg, #na0thg|text-align:left;\" data-tablet-css=\".sp-text-wrapper-na0thg, #sp-na0thg, #na0thg|text-align:left;\" data-mobile-visibility=\".sp-text-wrapper-na0thg|false\" data-tablet-visibility=\".sp-text-wrapper-na0thg|false\" data-desktop-visibility=\".sp-text-wrapper-na0thg|false\" class=\"sp-css-target sp-text-wrapper sp-el-block sp-text-block-style sp-text-wrapper-na0thg\" style=\"margin: 0px; text-align: left;\">\n<p style=\"text-align: justify !important; text-indent: 30px;\"><span style=\"color: #000000;\">El <strong>Club N\u00e1utico Mar de Levante<\/strong> fue fundado el <strong>19 de marzo del 2003<\/strong> en <strong>La L\u00ednea de la Concepci\u00f3n<\/strong>. Este proyecto se inici\u00f3 para dar <strong>infraestructura n\u00e1utica-deportiva a la zona de levante en la costa mediterr\u00e1nea<\/strong>, ya que todas las instalaciones existentes en la ciudad est\u00e1n ubicadas en la zona de poniente, que dependen de la <strong>Autoridad Portuaria Bah\u00eda de Algeciras A.P.B.A. <\/strong><\/span><\/p>\n<p style=\"text-align: justify !important;text-indent: 30px;\"><span style=\"color: #000000;\">Por este motivo, un grupo de pescadores deportivos de la ciudad, se reunieron para tratar el problema existente, que consist\u00eda en no tener posibilidad de atraque en la zona de levante dado que el <strong>puerto de la Atunara dependiente de la Junta de Andaluc\u00eda<\/strong> s\u00f3lo albergaba atraques de pesca tradicional. Eran muchas las veces que, ante cambios repentinos del tiempo, dado que la pesca se realiza generalmente en la zona de levante, se ve\u00edan imposibilitados y desamparados ante el peligro del mar y no poder bordear el <strong>pe\u00f1\u00f3n de Gibraltar<\/strong> sin jugarse la vida teniendo un puerto muy cercano donde pod\u00edan tener su atraque, o en \u00faltimo caso, dejar la embarcaci\u00f3n atracada en la playa cuando el temporal no daba otra posibilidad.<\/span><\/p>\n<p style=\"text-align: justify !important;text-indent: 30px;\"><span style=\"color: #000000;\">Decidieron <strong>fundar un club n\u00e1utico para dar car\u00e1cter oficial<\/strong> al proyecto para que el <strong>puerto de la Atunara albergar actividades n\u00e1uticas-deportivas al mismo tiempo que pesca tradicional<\/strong>. Algo adem\u00e1s de compatible, era l\u00f3gico, necesario y beneficioso para todas las partes.<\/span><\/p>\n<p style=\"text-align: justify !important;text-indent: 30px;\"><span style=\"color: #000000;\">Desde 2003 llevaba esperando la concesi\u00f3n de <strong>la licitaci\u00f3n p\u00fablica del nuevo puerto<\/strong> que se ha ido <strong>retrasando debido a diferentes motivos fundamentalmente administrativos<\/strong>, pero finalmente se <strong>consigui\u00f3 la concesi\u00f3n para un puerto que se ejecutar\u00eda en dos fases<\/strong>, la primera de ella de <strong>119 atraques<\/strong>.<\/span><\/p>\n<p style=\"text-align: justify !important;text-indent: 30px;\"><span style=\"color: #000000;\">Pero en el momento de la concesi\u00f3n el club se encontr\u00f3 de llenos con el <strong>periodo de recesi\u00f3n econ\u00f3mica<\/strong> que caus\u00f3 la <strong>baja de numerosos socios al no poder hacer frente al mantenimiento de la cuota y tambi\u00e9n a una cierta p\u00e9rdida de credibilidad de la entidad<\/strong>, que llevaba a\u00f1os &nbsp;esperando la ejecuci\u00f3n del puerto sin su ejecuci\u00f3n definitiva.<\/span><\/p>\n<p style=\"text-align: justify !important;text-indent: 30px  !important;\"><span style=\"color: #000000;\">En dicho momento inici\u00f3 los <strong>tr\u00e1mites para conseguir financiaci\u00f3n p\u00fablica<\/strong> a trav\u00e9s de <strong>subvenci\u00f3n ante el Grupo de desarrollo pesquero C\u00e1diz-Estrecho<\/strong>, pero la resoluci\u00f3n de concesi\u00f3n fue negativa, por lo que el club tuvo que <strong>abandonar el proyecto de los 119 atraques<\/strong> y redise\u00f1ar el proyecto ajust\u00e1ndolo a la realidad actual, ya que cuenta con <strong>42 socios comprometidos con la ejecuci\u00f3n del proyecto para poder adquirir un atraque<\/strong>.<\/span><\/p>\n<\/div>\n<\/div>\n<\/div>\n<div id=\"sp-o9b4nl\" data-mobile-visibility=\"#sp-o9b4nl|false\" data-tablet-visibility=\"#sp-o9b4nl|false\" data-desktop-visibility=\"#sp-o9b4nl|false\" data-mobile-css=\"\" data-tablet-css=\"\" class=\"sp-el-row sp-w-full  sp-m-auto sm:sp-flex sp-justify-between\">\n<div id=\"sp-bg02ev\" data-mobile-visibility=\"#sp-bg02ev|false\" data-tablet-visibility=\"#sp-bg02ev|false\" data-desktop-visibility=\"#sp-bg02ev|false\" data-mobile-css=\"\" data-tablet-css=\"\" class=\"sp-el-col  sp-w-full\" style=\"width: calc(100% - 0px);\">\n<div id=\"sp-wllfuk\" data-mobile-visibility=\".sp-divider-block-wllfuk|false\" data-tablet-visibility=\".sp-divider-block-wllfuk|false\" data-desktop-visibility=\".sp-divider-block-wllfuk|false\" data-mobile-css=\"#sp-wllfuk .sp-divider-text-block .sp-divider-text, #sp-wllfuk|justify-content:center;padding:10px 0px 10px 0px ;\" data-tablet-css=\"#sp-wllfuk .sp-divider-text-block .sp-divider-text, #sp-wllfuk|justify-content:center;padding:10px 0px 10px 0px ;\" class=\"sp-divider-wrapper sp-flex sp-el-block sp-divider-block-wllfuk\" style=\"margin: 0px; justify-content: center; padding: 10px 0px;\">\n<style type=\"text\/css\">\n    #sp-wllfuk .sp-divider-separator::after , #sp-wllfuk .sp-divider-separator::before  {content:\"\"}\n    #sp-wllfuk .sp-divider .sp-divider-separator::after , #sp-wllfuk .sp-divider .sp-divider-separator::before {display:block;border-top:1px solid #D98E8B}\n    #sp-wllfuk .sp-divider .sp-divider-text-block .sp-divider-text \n    {color:#D98E8B}\n    #sp-wllfuk .sp-divider .sp-divider-text-block.sp-divider-icon-block \n    {color:#D98E8B}\n  <\/style>\n<div class=\"sp-divider sp-flex\" style=\"width: 90%; border-top: 1px solid rgb(217, 142, 139);\"><\/div>\n<\/div>\n<p><span href=\"\" target=\"\" rel=\"\" class=\"sp-header-block-link\" style=\"text-decoration: none;\"><\/p>\n<h2 id=\"sp-qyigq9\" data-mobile-css=\".sp-headline-block-qyigq9, #sp-qyigq9, #qyigq9|text-align:center;\" data-tablet-css=\".sp-headline-block-qyigq9, #sp-qyigq9, #qyigq9|text-align:center;\" data-mobile-visibility=\".sp-headline-block-qyigq9|false\" data-tablet-visibility=\".sp-headline-block-qyigq9|false\" data-desktop-visibility=\".sp-headline-block-qyigq9|false\" class=\"sp-css-target sp-el-block sp-headline-block-qyigq9 sp-type-header\" style=\"font-size: 20px; text-align: center; margin: 25px 0px 0px;\"><span style=\"color: #000000;\"><span style=\"color: #666699;\">Galer\u00eda de Fotos<\/span><\/span><\/h2>\n<p><\/span><\/div>\n<\/div>\n<div id=\"sp-oviu7e\" data-mobile-visibility=\"#sp-oviu7e|false\" data-tablet-visibility=\"#sp-oviu7e|false\" data-desktop-visibility=\"#sp-oviu7e|false\" data-mobile-css=\"\" data-tablet-css=\"\" class=\"sp-el-row sp-w-full  sp-m-auto sm:sp-flex sp-justify-between\">\n<div id=\"sp-hqw79z\" data-mobile-visibility=\"#sp-hqw79z|false\" data-tablet-visibility=\"#sp-hqw79z|false\" data-desktop-visibility=\"#sp-hqw79z|false\" data-mobile-css=\"\" data-tablet-css=\"\" class=\"sp-el-col  sp-w-full\" style=\"width: calc(100% - 0px);\">\n<div id=\"sp-m1f9qt\" data-mobile-visibility=\".sp-custom-html-block-m1f9qt|false\" data-tablet-visibility=\".sp-custom-html-block-m1f9qt|false\" data-desktop-visibility=\".sp-custom-html-block-m1f9qt|false\" data-mobile-css=\"\" data-tablet-css=\"\" class=\"sp-code-wrapper sp-el-block sp-custom-html-block-m1f9qt\" style=\"padding: 0px; margin: -27px 0px 0px;\">\n<div class=\"sp-html sp-html-code\">ngg_shortcode_0_placeholder<\/p>\n<div style=\"padding:56.6% 0 0 0;position:relative;\"><iframe src=\"https:\/\/player.vimeo.com\/video\/1106862081?title=0&amp;byline=0&amp;portrait=0&amp;muted=1&amp;badge=0&amp;autopause=0&amp;player_id=0&amp;app_id=58479\" frameborder=\"0\" allow=\"autoplay; fullscreen; picture-in-picture; clipboard-write; encrypted-media; web-share\" referrerpolicy=\"strict-origin-when-cross-origin\" style=\"position:absolute;top:0;left:0;width:100%;height:100%;\" title=\"video2_mar_de_levante\"><\/iframe><\/div>\n<p><script src=\"https:\/\/player.vimeo.com\/api\/player.js\"><\/script><\/div>\n<\/div>\n<\/div>\n<\/div>\n<\/section>\n<section id=\"sp-p2lx3t\" data-mobile-visibility=\"#sp-p2lx3t|false\" data-tablet-visibility=\"#sp-p2lx3t|false\" data-desktop-visibility=\"#sp-p2lx3t|false\" data-mobile-css=\"\" data-tablet-css=\"\" class=\"sp-el-section \" style=\"width: 100%; max-width: 100%;\">\n<div id=\"sp-jvv0la\" data-mobile-visibility=\"#sp-jvv0la|false\" data-tablet-visibility=\"#sp-jvv0la|false\" data-desktop-visibility=\"#sp-jvv0la|false\" data-mobile-css=\"\" data-tablet-css=\"\" class=\"sp-el-row sp-w-full  sp-m-auto sm:sp-flex sp-justify-between\" style=\"width: 100%; max-width: 100%;\">\n<div id=\"sp-meq4e2\" data-mobile-visibility=\"#sp-meq4e2|false\" data-tablet-visibility=\"#sp-meq4e2|false\" data-desktop-visibility=\"#sp-meq4e2|false\" data-mobile-css=\"\" data-tablet-css=\"\" class=\"sp-el-col  sp-w-full\" style=\"width: calc(100% - 0px);\">\n<div id=\"sp-lzn5di\" data-mobile-visibility=\".sp-custom-html-block-lzn5di|false\" data-tablet-visibility=\".sp-custom-html-block-lzn5di|false\" data-desktop-visibility=\".sp-custom-html-block-lzn5di|false\" data-mobile-css=\"\" data-tablet-css=\"\" class=\"sp-code-wrapper sp-el-block sp-custom-html-block-lzn5di\" style=\"margin: 0px;\">\n<div class=\"sp-html sp-html-code\">\n<div style=\"text-align: center; color: #ffffff; background: #0A2463; padding: 20px 0; font-family: 'Montserrat', sans-serif;\">\n   \u00a9 <span id=\"current-year\"><\/span> Club N\u00e1utico Linense Mar de Levante. Todos los derechos reservados.<\/p>\n<p>\n      <i class=\"fas fa-phone\" style=\"margin-right: 5px;\"><\/i><b> +34 609 935 515<\/b><br \/>\n      <span style=\"margin: 0 15px;\">|<\/span><br \/>\n      <i class=\"fas fa-envelope\" style=\"margin-right: 5px;\"><\/i><b> mardelevante@mardelevante.com<\/b>\n   <\/p>\n<\/div>\n<p><script>\n   document.getElementById('current-year').textContent = new Date().getFullYear();\n<\/script><\/div>\n<\/div>\n<\/div>\n<\/div>\n<\/section>\n<\/div>\n","protected":false},"excerpt":{"rendered":"<p>Historia El Club N\u00e1utico Mar de Levante fue fundado el 19 de marzo del 2003 en La L\u00ednea de la Concepci\u00f3n. Este proyecto se inici\u00f3 para dar infraestructura n\u00e1utica-deportiva a la zona de levante en la costa mediterr\u00e1nea, ya que todas las instalaciones existentes en la ciudad est\u00e1n ubicadas en la zona de poniente, que&hellip;&nbsp;<\/p>\n","protected":false},"author":1,"featured_media":0,"parent":0,"menu_order":0,"comment_status":"closed","ping_status":"closed","template":"","meta":{"neve_meta_sidebar":"","neve_meta_container":"","neve_meta_enable_content_width":"","neve_meta_content_width":0,"neve_meta_title_alignment":"","neve_meta_author_avatar":"","neve_post_elements_order":"","neve_meta_disable_header":"","neve_meta_disable_footer":"","neve_meta_disable_title":"","ngg_post_thumbnail":0,"footnotes":""},"class_list":["post-90","page","type-page","status-publish","hentry"],"_links":{"self":[{"href":"https:\/\/mardelevante.com\/index.php\/wp-json\/wp\/v2\/pages\/90","targetHints":{"allow":["GET"]}}],"collection":[{"href":"https:\/\/mardelevante.com\/index.php\/wp-json\/wp\/v2\/pages"}],"about":[{"href":"https:\/\/mardelevante.com\/index.php\/wp-json\/wp\/v2\/types\/page"}],"author":[{"embeddable":true,"href":"https:\/\/mardelevante.com\/index.php\/wp-json\/wp\/v2\/users\/1"}],"replies":[{"embeddable":true,"href":"https:\/\/mardelevante.com\/index.php\/wp-json\/wp\/v2\/comments?post=90"}],"version-history":[{"count":35,"href":"https:\/\/mardelevante.com\/index.php\/wp-json\/wp\/v2\/pages\/90\/revisions"}],"predecessor-version":[{"id":195,"href":"https:\/\/mardelevante.com\/index.php\/wp-json\/wp\/v2\/pages\/90\/revisions\/195"}],"wp:attachment":[{"href":"https:\/\/mardelevante.com\/index.php\/wp-json\/wp\/v2\/media?parent=90"}],"curies":[{"name":"wp","href":"https:\/\/api.w.org\/{rel}","templated":true}]}}